{"id":5,"date":"2015-07-29T06:06:25","date_gmt":"2015-07-29T06:06:25","guid":{"rendered":"http:\/\/test.porsnet.cz\/duha\/?page_id=5"},"modified":"2022-12-12T17:46:25","modified_gmt":"2022-12-12T16:46:25","slug":"o-nas","status":"publish","type":"page","link":"https:\/\/duha-country.eu\/","title":{"rendered":"DUHA country &#038; western music"},"content":{"rendered":"<h2><strong>Country kapela Duha<\/strong><\/h2>\n<p>vznikla na sklonku roku 1987, tedy p\u0159ed v\u00edce ne\u017e 30-ti lety.<\/p>\n<div class=\"art-postcontent\">\n<p>Jej\u00ed z\u00e1klad vytvo\u0159ili \u010dlenov\u00e9 b\u00fdval\u00e9 country skupiny Bandolero a folkrockov\u00e9 kapely <strong>Duha<\/strong>, geograficky \u010dlenov\u00e9 poch\u00e1zej\u00ed z oblasti Mnichovic u Prahy a \u0158\u00ed\u010dan.<\/p>\n<p>Sou\u010dasn\u00e1 <strong>Duha<\/strong> se v\u011bnuje p\u0159edev\u0161\u00edm stylu <strong>country<\/strong> a vzhledem k jej\u00edmu akustick\u00e9mu n\u00e1strojov\u00e9mu obsazen\u00ed a v\u00fdb\u011bru p\u0159evl\u00e1daj\u00edc\u00edho reperto\u00e1ru je c\u00edtit m\u00edrn\u00fd p\u0159\u00edklon k bluegrassov\u00e9 muzice, oni sami styl naz\u00fdvaj\u00ed trampgrass.<\/p>\n<p>Kapela <strong>Duha<\/strong>&nbsp;hraje p\u0159edev\u0161\u00edm americk\u00e9 tradition\u00e1ly s vlastn\u00edmi texty, ale nevyh\u00fdb\u00e1 se ani \u010desk\u00e9 <strong>country<\/strong>ov\u00e9 klasice z reperto\u00e1ru kapel Greenhorns, Poutn\u00edk\u016f, Copu a nebo i Waldy Matu\u0161ky, Pavla Bobka a Evy Olmerov\u00e9. Men\u0161\u00ed \u010d\u00e1st reperto\u00e1ru tvo\u0159\u00ed i vlastn\u00ed tvorba.<\/p>\n<p><strong>Duha<\/strong> hr\u00e1la t\u00e9\u017e na skv\u011bl\u00fdch akc\u00edch Ponny Expressu a WI, jednou dokonce za \u00fa\u010dasti &nbsp;velvyslankyn\u011b USA pan\u00ed Shirley Temple-Black.<\/p>\n<p>Geograficky kapela p\u016fsob\u00ed p\u0159edev\u0161\u00edm na \u00fazem\u00ed okresu Prahy \u2013 v\u00fdchod a Bene\u0161ov na r\u016fzn\u00fdch country b\u00e1lech, v \u00fatuln\u00fdch hosp\u016fdk\u00e1ch nebo na firemn\u00edch \u010di soukrom\u00fdch akc\u00edch. V letn\u00edch m\u011bs\u00edc\u00edch kapela up\u0159ednost\u0148uje hran\u00ed na akc\u00edch pod \u0161ir\u00fdm nebem.<\/p>\n<p style=\"text-align: center;\"><img loading=\"lazy\" decoding=\"async\" class=\"aligncenter  wp-image-1405\" src=\"http:\/\/duha-country.eu\/wp-content\/uploads\/2022\/12\/Duha_Ba\u0161t\u00edrna1-1024x541.jpg\" alt=\"\" width=\"719\" height=\"380\" srcset=\"https:\/\/duha-country.eu\/wp-content\/uploads\/2022\/12\/Duha_Ba\u0161t\u00edrna1-1024x541.jpg 1024w, https:\/\/duha-country.eu\/wp-content\/uploads\/2022\/12\/Duha_Ba\u0161t\u00edrna1-300x159.jpg 300w, https:\/\/duha-country.eu\/wp-content\/uploads\/2022\/12\/Duha_Ba\u0161t\u00edrna1-768x406.jpg 768w, https:\/\/duha-country.eu\/wp-content\/uploads\/2022\/12\/Duha_Ba\u0161t\u00edrna1-24x13.jpg 24w, https:\/\/duha-country.eu\/wp-content\/uploads\/2022\/12\/Duha_Ba\u0161t\u00edrna1-36x19.jpg 36w, https:\/\/duha-country.eu\/wp-content\/uploads\/2022\/12\/Duha_Ba\u0161t\u00edrna1-48x25.jpg 48w, https:\/\/duha-country.eu\/wp-content\/uploads\/2022\/12\/Duha_Ba\u0161t\u00edrna1.jpg 1920w\" sizes=\"auto, (max-width: 719px) 100vw, 719px\" \/><\/p>\n<h3 style=\"text-align: center;\"><span style=\"text-decoration: underline;\"><strong>Sou\u010dasn\u00e9 slo\u017een\u00ed kapely Duha je n\u00e1sleduj\u00edc\u00ed:<\/strong><\/span><\/h3>\n<p style=\"text-align: center;\" align=\"center\"><strong><span style=\"color: #ff9900;\">Honza \u201eAdmir\u00e1l\u201c Hor\u00e1lek <\/span><\/strong>\u2013 foukac\u00ed harmonika, zp\u011bv<\/p>\n<p style=\"text-align: center;\" align=\"center\"><strong><span style=\"color: #ff9900;\">Mirek \u201eOpi\u010d\u00e1k\u201c Opi\u010dka <\/span><\/strong>\u2013 basov\u00e1 kytara, zp\u011bv<\/p>\n<p style=\"text-align: center;\" align=\"center\"><strong><span style=\"color: #ff9900;\">Petr \u201eVi\u0165as\u201c V\u00edtek <\/span><\/strong>\u2013 kytara, zp\u011bv<\/p>\n<p align=\"center\"><strong><span style=\"color: #ff9900;\">Pepa Vesel\u00fd&nbsp;<\/span><\/strong>\u2013 banjo<\/p>\n<p style=\"text-align: center;\" align=\"center\"><strong><span style=\"color: #ff9900;\">V\u011bra \u201eK\u00e1\u010d\u00e1tko\u201c Mr\u00e1zov\u00e1 <\/span><\/strong>\u2013 zp\u011bv<\/p>\n<p style=\"text-align: center;\" align=\"center\"><img loading=\"lazy\" decoding=\"async\" class=\"aligncenter size-large wp-image-1406\" src=\"http:\/\/duha-country.eu\/wp-content\/uploads\/2022\/12\/Duha_2022-1024x687.jpg\" alt=\"\" width=\"1024\" height=\"687\" srcset=\"https:\/\/duha-country.eu\/wp-content\/uploads\/2022\/12\/Duha_2022-1024x687.jpg 1024w, https:\/\/duha-country.eu\/wp-content\/uploads\/2022\/12\/Duha_2022-300x201.jpg 300w, https:\/\/duha-country.eu\/wp-content\/uploads\/2022\/12\/Duha_2022-768x516.jpg 768w, https:\/\/duha-country.eu\/wp-content\/uploads\/2022\/12\/Duha_2022-24x16.jpg 24w, https:\/\/duha-country.eu\/wp-content\/uploads\/2022\/12\/Duha_2022-36x24.jpg 36w, https:\/\/duha-country.eu\/wp-content\/uploads\/2022\/12\/Duha_2022-48x32.jpg 48w, https:\/\/duha-country.eu\/wp-content\/uploads\/2022\/12\/Duha_2022.jpg 1920w\" sizes=\"auto, (max-width: 1024px) 100vw, 1024px\" \/><\/p>\n<p style=\"text-align: center;\" align=\"center\">&nbsp;<\/p>\n<p>&nbsp;<\/p>\n<\/div>\n","protected":false},"excerpt":{"rendered":"<p>Country kapela Duha vznikla na sklonku roku 1987, tedy p\u0159ed v\u00edce ne\u017e 30-ti lety. Jej\u00ed z\u00e1klad vytvo\u0159ili \u010dlenov\u00e9 b\u00fdval\u00e9 country skupiny Bandolero a folkrockov\u00e9 kapely Duha, geograficky \u010dlenov\u00e9 poch\u00e1zej\u00ed z oblasti Mnichovic u Prahy a \u0158\u00ed\u010dan. Sou\u010dasn\u00e1 Duha se v\u011bnuje p\u0159edev\u0161\u00edm stylu country a vzhledem k jej\u00edmu akustick\u00e9mu n\u00e1strojov\u00e9mu obsazen\u00ed a v\u00fdb\u011bru p\u0159evl\u00e1daj\u00edc\u00edho reperto\u00e1ru je&hellip; <a class=\"more-link\" href=\"https:\/\/duha-country.eu\/\">Pokra\u010dovat ve\u00a0\u010dten\u00ed <span class=\"screen-reader-text\">DUHA country &#038; western music<\/span><\/a><\/p>\n","protected":false},"author":1,"featured_media":85,"parent":0,"menu_order":0,"comment_status":"closed","ping_status":"closed","template":"","meta":{"ngg_post_thumbnail":0,"footnotes":""},"class_list":["post-5","page","type-page","status-publish","has-post-thumbnail","hentry","entry"],"yoast_head":"<!-- This site is optimized with the Yoast SEO plugin v23.1 - https:\/\/yoast.com\/wordpress\/plugins\/seo\/ -->\n<title>Duha county music<\/title>\n<meta name=\"description\" content=\"Duha hraje p\u0159edev\u0161\u00edm americk\u00e9 tradition\u00e1ly s vlastn\u00edmi texty, ale nevyh\u00fdb\u00e1 se ani \u010desk\u00e9 countryov\u00e9 klasice. Men\u0161\u00ed \u010d\u00e1st reperto\u00e1ru tvo\u0159\u00ed i vlastn\u00ed tvorba.\" \/>\n<meta name=\"robots\" content=\"index, follow, max-snippet:-1, max-image-preview:large, max-video-preview:-1\" \/>\n<link rel=\"canonical\" href=\"http:\/\/duha-country.eu\/\" \/>\n<meta property=\"og:locale\" content=\"cs_CZ\" \/>\n<meta property=\"og:type\" content=\"article\" \/>\n<meta property=\"og:title\" content=\"Duha county music\" \/>\n<meta property=\"og:description\" content=\"Duha hraje p\u0159edev\u0161\u00edm americk\u00e9 tradition\u00e1ly s vlastn\u00edmi texty, ale nevyh\u00fdb\u00e1 se ani \u010desk\u00e9 countryov\u00e9 klasice. Men\u0161\u00ed \u010d\u00e1st reperto\u00e1ru tvo\u0159\u00ed i vlastn\u00ed tvorba.\" \/>\n<meta property=\"og:url\" content=\"http:\/\/duha-country.eu\/\" \/>\n<meta property=\"og:site_name\" content=\"Duha\" \/>\n<meta property=\"article:modified_time\" content=\"2022-12-12T16:46:25+00:00\" \/>\n<meta property=\"og:image\" content=\"http:\/\/duha-country.eu\/wp-content\/uploads\/2015\/07\/header-object.png\" \/>\n\t<meta property=\"og:image:width\" content=\"138\" \/>\n\t<meta property=\"og:image:height\" content=\"258\" \/>\n\t<meta property=\"og:image:type\" content=\"image\/png\" \/>\n<meta name=\"twitter:card\" content=\"summary_large_image\" \/>\n<meta name=\"twitter:label1\" content=\"Odhadovan\u00e1 doba \u010dten\u00ed\" \/>\n\t<meta name=\"twitter:data1\" content=\"1 minuta\" \/>\n<script type=\"application\/ld+json\" class=\"yoast-schema-graph\">{\"@context\":\"https:\/\/schema.org\",\"@graph\":[{\"@type\":\"WebPage\",\"@id\":\"http:\/\/duha-country.eu\/\",\"url\":\"http:\/\/duha-country.eu\/\",\"name\":\"Duha county music\",\"isPartOf\":{\"@id\":\"http:\/\/duha-country.eu\/#website\"},\"primaryImageOfPage\":{\"@id\":\"http:\/\/duha-country.eu\/#primaryimage\"},\"image\":{\"@id\":\"http:\/\/duha-country.eu\/#primaryimage\"},\"thumbnailUrl\":\"https:\/\/duha-country.eu\/wp-content\/uploads\/2015\/07\/header-object.png\",\"datePublished\":\"2015-07-29T06:06:25+00:00\",\"dateModified\":\"2022-12-12T16:46:25+00:00\",\"description\":\"Duha hraje p\u0159edev\u0161\u00edm americk\u00e9 tradition\u00e1ly s vlastn\u00edmi texty, ale nevyh\u00fdb\u00e1 se ani \u010desk\u00e9 countryov\u00e9 klasice. Men\u0161\u00ed \u010d\u00e1st reperto\u00e1ru tvo\u0159\u00ed i vlastn\u00ed tvorba.\",\"breadcrumb\":{\"@id\":\"http:\/\/duha-country.eu\/#breadcrumb\"},\"inLanguage\":\"cs\",\"potentialAction\":[{\"@type\":\"ReadAction\",\"target\":[\"http:\/\/duha-country.eu\/\"]}]},{\"@type\":\"ImageObject\",\"inLanguage\":\"cs\",\"@id\":\"http:\/\/duha-country.eu\/#primaryimage\",\"url\":\"https:\/\/duha-country.eu\/wp-content\/uploads\/2015\/07\/header-object.png\",\"contentUrl\":\"https:\/\/duha-country.eu\/wp-content\/uploads\/2015\/07\/header-object.png\",\"width\":138,\"height\":258},{\"@type\":\"BreadcrumbList\",\"@id\":\"http:\/\/duha-country.eu\/#breadcrumb\",\"itemListElement\":[{\"@type\":\"ListItem\",\"position\":1,\"name\":\"Home\",\"item\":\"http:\/\/duha-country.eu\/\"},{\"@type\":\"ListItem\",\"position\":2,\"name\":\"DUHA country &#038; western music\"}]},{\"@type\":\"WebSite\",\"@id\":\"http:\/\/duha-country.eu\/#website\",\"url\":\"http:\/\/duha-country.eu\/\",\"name\":\"Duha\",\"description\":\"country music\",\"potentialAction\":[{\"@type\":\"SearchAction\",\"target\":{\"@type\":\"EntryPoint\",\"urlTemplate\":\"http:\/\/duha-country.eu\/?s={search_term_string}\"},\"query-input\":\"required name=search_term_string\"}],\"inLanguage\":\"cs\"}]}<\/script>\n<!-- \/ Yoast SEO plugin. -->","yoast_head_json":{"title":"Duha county music","description":"Duha hraje p\u0159edev\u0161\u00edm americk\u00e9 tradition\u00e1ly s vlastn\u00edmi texty, ale nevyh\u00fdb\u00e1 se ani \u010desk\u00e9 countryov\u00e9 klasice. Men\u0161\u00ed \u010d\u00e1st reperto\u00e1ru tvo\u0159\u00ed i vlastn\u00ed tvorba.","robots":{"index":"index","follow":"follow","max-snippet":"max-snippet:-1","max-image-preview":"max-image-preview:large","max-video-preview":"max-video-preview:-1"},"canonical":"http:\/\/duha-country.eu\/","og_locale":"cs_CZ","og_type":"article","og_title":"Duha county music","og_description":"Duha hraje p\u0159edev\u0161\u00edm americk\u00e9 tradition\u00e1ly s vlastn\u00edmi texty, ale nevyh\u00fdb\u00e1 se ani \u010desk\u00e9 countryov\u00e9 klasice. Men\u0161\u00ed \u010d\u00e1st reperto\u00e1ru tvo\u0159\u00ed i vlastn\u00ed tvorba.","og_url":"http:\/\/duha-country.eu\/","og_site_name":"Duha","article_modified_time":"2022-12-12T16:46:25+00:00","og_image":[{"width":138,"height":258,"url":"http:\/\/duha-country.eu\/wp-content\/uploads\/2015\/07\/header-object.png","type":"image\/png"}],"twitter_card":"summary_large_image","twitter_misc":{"Odhadovan\u00e1 doba \u010dten\u00ed":"1 minuta"},"schema":{"@context":"https:\/\/schema.org","@graph":[{"@type":"WebPage","@id":"http:\/\/duha-country.eu\/","url":"http:\/\/duha-country.eu\/","name":"Duha county music","isPartOf":{"@id":"http:\/\/duha-country.eu\/#website"},"primaryImageOfPage":{"@id":"http:\/\/duha-country.eu\/#primaryimage"},"image":{"@id":"http:\/\/duha-country.eu\/#primaryimage"},"thumbnailUrl":"https:\/\/duha-country.eu\/wp-content\/uploads\/2015\/07\/header-object.png","datePublished":"2015-07-29T06:06:25+00:00","dateModified":"2022-12-12T16:46:25+00:00","description":"Duha hraje p\u0159edev\u0161\u00edm americk\u00e9 tradition\u00e1ly s vlastn\u00edmi texty, ale nevyh\u00fdb\u00e1 se ani \u010desk\u00e9 countryov\u00e9 klasice. Men\u0161\u00ed \u010d\u00e1st reperto\u00e1ru tvo\u0159\u00ed i vlastn\u00ed tvorba.","breadcrumb":{"@id":"http:\/\/duha-country.eu\/#breadcrumb"},"inLanguage":"cs","potentialAction":[{"@type":"ReadAction","target":["http:\/\/duha-country.eu\/"]}]},{"@type":"ImageObject","inLanguage":"cs","@id":"http:\/\/duha-country.eu\/#primaryimage","url":"https:\/\/duha-country.eu\/wp-content\/uploads\/2015\/07\/header-object.png","contentUrl":"https:\/\/duha-country.eu\/wp-content\/uploads\/2015\/07\/header-object.png","width":138,"height":258},{"@type":"BreadcrumbList","@id":"http:\/\/duha-country.eu\/#breadcrumb","itemListElement":[{"@type":"ListItem","position":1,"name":"Home","item":"http:\/\/duha-country.eu\/"},{"@type":"ListItem","position":2,"name":"DUHA country &#038; western music"}]},{"@type":"WebSite","@id":"http:\/\/duha-country.eu\/#website","url":"http:\/\/duha-country.eu\/","name":"Duha","description":"country music","potentialAction":[{"@type":"SearchAction","target":{"@type":"EntryPoint","urlTemplate":"http:\/\/duha-country.eu\/?s={search_term_string}"},"query-input":"required name=search_term_string"}],"inLanguage":"cs"}]}},"_links":{"self":[{"href":"https:\/\/duha-country.eu\/index.php\/wp-json\/wp\/v2\/pages\/5","targetHints":{"allow":["GET"]}}],"collection":[{"href":"https:\/\/duha-country.eu\/index.php\/wp-json\/wp\/v2\/pages"}],"about":[{"href":"https:\/\/duha-country.eu\/index.php\/wp-json\/wp\/v2\/types\/page"}],"author":[{"embeddable":true,"href":"https:\/\/duha-country.eu\/index.php\/wp-json\/wp\/v2\/users\/1"}],"replies":[{"embeddable":true,"href":"https:\/\/duha-country.eu\/index.php\/wp-json\/wp\/v2\/comments?post=5"}],"version-history":[{"count":20,"href":"https:\/\/duha-country.eu\/index.php\/wp-json\/wp\/v2\/pages\/5\/revisions"}],"predecessor-version":[{"id":1407,"href":"https:\/\/duha-country.eu\/index.php\/wp-json\/wp\/v2\/pages\/5\/revisions\/1407"}],"wp:featuredmedia":[{"embeddable":true,"href":"https:\/\/duha-country.eu\/index.php\/wp-json\/wp\/v2\/media\/85"}],"wp:attachment":[{"href":"https:\/\/duha-country.eu\/index.php\/wp-json\/wp\/v2\/media?parent=5"}],"curies":[{"name":"wp","href":"https:\/\/api.w.org\/{rel}","templated":true}]}}